{"id":101,"date":"2024-06-17T08:39:22","date_gmt":"2024-06-17T08:39:22","guid":{"rendered":"https:\/\/berger-finance.ch\/?page_id=101"},"modified":"2024-06-17T08:43:07","modified_gmt":"2024-06-17T08:43:07","slug":"101-2","status":"publish","type":"page","link":"https:\/\/berger-finance.ch\/?page_id=101","title":{"rendered":"Gesch\u00e4ftsaufgabe"},"content":{"rendered":"\n<p><\/p>\n\n\n\n<p><\/p>\n\n\n\n<figure class=\"wp-block-image size-full\"><img loading=\"lazy\" decoding=\"async\" width=\"778\" height=\"141\" src=\"https:\/\/berger-finance.ch\/wp-content\/uploads\/2024\/06\/Logo-Rueti-Rapperswil.jpg\" alt=\"\" class=\"wp-image-102\" srcset=\"https:\/\/berger-finance.ch\/wp-content\/uploads\/2024\/06\/Logo-Rueti-Rapperswil.jpg 778w, https:\/\/berger-finance.ch\/wp-content\/uploads\/2024\/06\/Logo-Rueti-Rapperswil-300x54.jpg 300w, https:\/\/berger-finance.ch\/wp-content\/uploads\/2024\/06\/Logo-Rueti-Rapperswil-768x139.jpg 768w\" sizes=\"auto, (max-width: 706px) 89vw, (max-width: 767px) 82vw, 740px\" \/><\/figure>\n\n\n\n<p><\/p>\n\n\n\n<p><\/p>\n\n\n\n<p>Liebe Kundinnen und Kunden<\/p>\n\n\n\n<p>Aus gesundheitlichen Gr\u00fcnden und auch altershalber habe ich per sofort meine Treuhandt\u00e4tigkeit aufgegeben. Ich danke euch allen f\u00fcr euer Vertrauen und stehe f\u00fcr meine gesch\u00e4tzten bisherigen Kunden im Rahmen der M\u00f6glichkeiten weiterhin zur Verf\u00fcgung.<\/p>\n\n\n\n<p>In diesem Fall bitte ich euch um ein kurzes E-Mail auf berger@berger-finance.ch. Ich werde mich mit der neuen Telefonverbindung melden.<\/p>\n\n\n\n<p>Ich verabschiede mich mit herzlichem Dank und den besten W\u00fcnschen f\u00fcr die Zukunft.<\/p>\n\n\n\n<p>Andreas Berger &nbsp;<\/p>\n","protected":false},"excerpt":{"rendered":"<p>Liebe Kundinnen und Kunden Aus gesundheitlichen Gr\u00fcnden und auch altershalber habe ich per sofort meine Treuhandt\u00e4tigkeit aufgegeben. Ich danke euch allen f\u00fcr euer Vertrauen und stehe f\u00fcr meine gesch\u00e4tzten bisherigen Kunden im Rahmen der M\u00f6glichkeiten weiterhin zur Verf\u00fcgung. In diesem Fall bitte ich euch um ein kurzes E-Mail auf berger@berger-finance.ch. Ich werde mich mit der &hellip; <\/p>\n<p class=\"link-more\"><a href=\"https:\/\/berger-finance.ch\/?page_id=101\" class=\"more-link\"><span class=\"screen-reader-text\">\u201eGesch\u00e4ftsaufgabe\u201c <\/span>weiterlesen<\/a><\/p>\n","protected":false},"author":1,"featured_media":0,"parent":0,"menu_order":0,"comment_status":"closed","ping_status":"closed","template":"","meta":{"footnotes":""},"class_list":["post-101","page","type-page","status-publish","hentry"],"_links":{"self":[{"href":"https:\/\/berger-finance.ch\/index.php?rest_route=\/wp\/v2\/pages\/101","targetHints":{"allow":["GET"]}}],"collection":[{"href":"https:\/\/berger-finance.ch\/index.php?rest_route=\/wp\/v2\/pages"}],"about":[{"href":"https:\/\/berger-finance.ch\/index.php?rest_route=\/wp\/v2\/types\/page"}],"author":[{"embeddable":true,"href":"https:\/\/berger-finance.ch\/index.php?rest_route=\/wp\/v2\/users\/1"}],"replies":[{"embeddable":true,"href":"https:\/\/berger-finance.ch\/index.php?rest_route=%2Fwp%2Fv2%2Fcomments&post=101"}],"version-history":[{"count":2,"href":"https:\/\/berger-finance.ch\/index.php?rest_route=\/wp\/v2\/pages\/101\/revisions"}],"predecessor-version":[{"id":105,"href":"https:\/\/berger-finance.ch\/index.php?rest_route=\/wp\/v2\/pages\/101\/revisions\/105"}],"wp:attachment":[{"href":"https:\/\/berger-finance.ch\/index.php?rest_route=%2Fwp%2Fv2%2Fmedia&parent=101"}],"curies":[{"name":"wp","href":"https:\/\/api.w.org\/{rel}","templated":true}]}}